{"id":338,"date":"2021-04-23T19:15:54","date_gmt":"2021-04-23T17:15:54","guid":{"rendered":"https:\/\/ifab3d.com\/?post_type=product&#038;p=338"},"modified":"2024-07-10T13:45:29","modified_gmt":"2024-07-10T11:45:29","slug":"petite-chaise-p","status":"publish","type":"product","link":"https:\/\/ifab3d.com\/?product=petite-chaise-p","title":{"rendered":"Petite chaise P."},"content":{"rendered":"<p>Dimensions: 2,17 x 2,35 x 2,67 cm<\/p>\n<p>Mod\u00e9lis\u00e9e et fabriqu\u00e9e par IFAB.<\/p>\n","protected":false},"excerpt":{"rendered":"<p>Chaise pour petits personnages, de couleur blanche.<\/p>\n<p>&nbsp;<\/p>\n","protected":false},"featured_media":347,"comment_status":"open","ping_status":"closed","template":"","meta":{"_et_pb_use_builder":"","_et_pb_old_content":"","_et_gb_content_width":"","spay_email":"","jetpack_publicize_message":"","jetpack_is_tweetstorm":false,"jetpack_publicize_feature_enabled":true},"product_cat":[20,33],"product_tag":[],"jetpack_publicize_connections":[],"jetpack_sharing_enabled":true,"_links":{"self":[{"href":"https:\/\/ifab3d.com\/index.php?rest_route=\/wp\/v2\/product\/338"}],"collection":[{"href":"https:\/\/ifab3d.com\/index.php?rest_route=\/wp\/v2\/product"}],"about":[{"href":"https:\/\/ifab3d.com\/index.php?rest_route=\/wp\/v2\/types\/product"}],"replies":[{"embeddable":true,"href":"https:\/\/ifab3d.com\/index.php?rest_route=%2Fwp%2Fv2%2Fcomments&post=338"}],"wp:featuredmedia":[{"embeddable":true,"href":"https:\/\/ifab3d.com\/index.php?rest_route=\/wp\/v2\/media\/347"}],"wp:attachment":[{"href":"https:\/\/ifab3d.com\/index.php?rest_route=%2Fwp%2Fv2%2Fmedia&parent=338"}],"wp:term":[{"taxonomy":"product_cat","embeddable":true,"href":"https:\/\/ifab3d.com\/index.php?rest_route=%2Fwp%2Fv2%2Fproduct_cat&post=338"},{"taxonomy":"product_tag","embeddable":true,"href":"https:\/\/ifab3d.com\/index.php?rest_route=%2Fwp%2Fv2%2Fproduct_tag&post=338"}],"curies":[{"name":"wp","href":"https:\/\/api.w.org\/{rel}","templated":true}]}}