{"id":8,"date":"2021-03-27T16:53:37","date_gmt":"2021-03-27T15:53:37","guid":{"rendered":"http:\/\/ifab3d.com\/?page_id=8"},"modified":"2021-11-21T11:49:41","modified_gmt":"2021-11-21T10:49:41","slug":"accueil","status":"publish","type":"page","link":"https:\/\/ifab3d.com\/","title":{"rendered":"IFAB"},"content":{"rendered":"<p>[et_pb_section fb_built=&#8221;1&#8243; _builder_version=&#8221;4.9.10&#8243; _module_preset=&#8221;default&#8221; background_color=&#8221;#ffd352&#8243; height=&#8221;490px&#8221; max_height=&#8221;631px&#8221; global_colors_info=&#8221;{}&#8221;][et_pb_row column_structure=&#8221;1_2,1_2&#8243; _builder_version=&#8221;4.9.10&#8243; _module_preset=&#8221;default&#8221; global_colors_info=&#8221;{}&#8221;][et_pb_column type=&#8221;1_2&#8243; _builder_version=&#8221;4.9.10&#8243; _module_preset=&#8221;default&#8221; global_colors_info=&#8221;{}&#8221;][et_pb_text _builder_version=&#8221;4.9.10&#8243; _module_preset=&#8221;default&#8221; text_font=&#8221;Times New Roman||||||||&#8221; global_colors_info=&#8221;{}&#8221;]<\/p>\n<h1 style=\"text-align: center;\"><span style=\"font-size: xx-large;\"><strong>Impression<\/strong><\/span><\/h1>\n<p><span style=\"font-size: xx-large;\"><strong><\/strong><\/span><\/p>\n<p><span style=\"font-size: xx-large;\"><strong><\/strong><\/span><\/p>\n<h2 class=\"has-text-align-center has-text-color\"><strong>Fabrication additive<\/strong><\/h2>\n<h2 class=\"has-text-align-center has-text-color\"><strong>St\u00e9r\u00e9olithographie<\/strong><\/h2>\n<p><strong><\/strong><\/p>\n<p><strong><\/strong><\/p>\n<p><strong><\/strong><\/p>\n<p><strong><\/strong><\/p>\n<h3 class=\"has-text-align-center has-text-color\"><strong>Plastique technique<\/strong><\/h3>\n<h3 class=\"has-text-align-center has-text-color\"><strong>Pi\u00e8ces fonctionnelles<\/strong><\/h3>\n<p>&nbsp;<\/p>\n<h3 class=\"has-text-align-center has-text-color\"><strong>Qualit\u00e9 d\u2019impression proche de l\u2019injection plastique<\/strong><\/h3>\n<p>[\/et_pb_text][et_pb_button button_url=&#8221;https:\/\/ifab3d.com\/?page_id=25&#8243; button_text=&#8221;Contactez-nous&#8221; button_alignment=&#8221;center&#8221; _builder_version=&#8221;4.11.4&#8243; _module_preset=&#8221;default&#8221; custom_button=&#8221;on&#8221; button_text_color=&#8221;#FFFFFF&#8221; button_bg_color=&#8221;#333333&#8243; button_border_color=&#8221;#333333&#8243; global_colors_info=&#8221;{}&#8221;][\/et_pb_button][\/et_pb_column][et_pb_column type=&#8221;1_2&#8243; _builder_version=&#8221;4.9.10&#8243; _module_preset=&#8221;default&#8221; global_colors_info=&#8221;{}&#8221;][et_pb_gallery gallery_ids=&#8221;532,535,489,349,348,315,183,176,104,637,638,650,644,640&#8243; fullwidth=&#8221;on&#8221; _builder_version=&#8221;4.13.1&#8243; _module_preset=&#8221;default&#8221; width=&#8221;50%&#8221; max_width=&#8221;69%&#8221; module_alignment=&#8221;center&#8221; min_height=&#8221;227px&#8221; height=&#8221;598px&#8221; max_height=&#8221;338px&#8221; animation_style=&#8221;slide&#8221; animation_duration=&#8221;0ms&#8221; animation_intensity_slide=&#8221;32%&#8221; animation_repeat=&#8221;loop&#8221; auto=&#8221;on&#8221; hover_enabled=&#8221;0&#8243; global_colors_info=&#8221;{}&#8221; gallery_orderby=&#8221;rand&#8221; sticky_enabled=&#8221;0&#8243;][\/et_pb_gallery][\/et_pb_column][\/et_pb_row][\/et_pb_section][et_pb_section fb_built=&#8221;1&#8243; admin_label=&#8221;Articles r\u00e9cents&#8221; module_id=&#8221;Articles r\u00e9cents&#8221; _builder_version=&#8221;4.9.10&#8243; _dynamic_attributes=&#8221;link_option_url&#8221; _module_preset=&#8221;default&#8221; top_divider_style=&#8221;slant&#8221; top_divider_color=&#8221;#ffd352&#8243; bottom_divider_style=&#8221;slant&#8221; bottom_divider_color=&#8221;#ffd352&#8243; link_option_url=&#8221;@ET-DC@eyJkeW5hbWljIjp0cnVlLCJjb250ZW50IjoicG9zdF9saW5rX3VybF9wb3N0Iiwic2V0dGluZ3MiOnsicG9zdF9pZCI6IjU1NCJ9fQ==@&#8221; link_option_url_new_window=&#8221;on&#8221; ab_subject=&#8221;on&#8221; ab_subject_id=&#8221;1&#8243; global_colors_info=&#8221;{}&#8221;][et_pb_row _builder_version=&#8221;4.9.10&#8243; _module_preset=&#8221;default&#8221; link_option_url_new_window=&#8221;on&#8221; ab_goal=&#8221;on&#8221; global_colors_info=&#8221;{}&#8221;][et_pb_column type=&#8221;4_4&#8243; _builder_version=&#8221;4.9.10&#8243; _module_preset=&#8221;default&#8221; global_colors_info=&#8221;{}&#8221;][et_pb_text _builder_version=&#8221;4.9.10&#8243; _module_preset=&#8221;default&#8221; global_colors_info=&#8221;{}&#8221;]<\/p>\n<h3><strong>ARTICLES RECENTS<\/strong><\/h3>\n<p>[\/et_pb_text][et_pb_blog fullwidth=&#8221;off&#8221; posts_number=&#8221;3&#8243; show_categories=&#8221;off&#8221; _builder_version=&#8221;4.9.10&#8243; _module_preset=&#8221;default&#8221; global_colors_info=&#8221;{}&#8221;][\/et_pb_blog][\/et_pb_column][\/et_pb_row][\/et_pb_section][et_pb_section fb_built=&#8221;1&#8243; admin_label=&#8221;Articles r\u00e9cents&#8221; module_id=&#8221;Articles r\u00e9cents&#8221; _builder_version=&#8221;4.9.10&#8243; _dynamic_attributes=&#8221;link_option_url&#8221; _module_preset=&#8221;default&#8221; top_divider_style=&#8221;slant&#8221; top_divider_color=&#8221;#ffd352&#8243; bottom_divider_style=&#8221;slant&#8221; bottom_divider_color=&#8221;#ffd352&#8243; link_option_url=&#8221;@ET-DC@eyJkeW5hbWljIjp0cnVlLCJjb250ZW50IjoicG9zdF9saW5rX3VybF9wb3N0Iiwic2V0dGluZ3MiOnsicG9zdF9pZCI6IjU1NCJ9fQ==@&#8221; link_option_url_new_window=&#8221;on&#8221; ab_subject=&#8221;on&#8221; ab_subject_id=&#8221;5&#8243; global_colors_info=&#8221;{}&#8221;][et_pb_row _builder_version=&#8221;4.9.10&#8243; _module_preset=&#8221;default&#8221; link_option_url_new_window=&#8221;on&#8221; ab_goal=&#8221;on&#8221; global_colors_info=&#8221;{}&#8221;][et_pb_column type=&#8221;4_4&#8243; _builder_version=&#8221;4.9.10&#8243; _module_preset=&#8221;default&#8221; global_colors_info=&#8221;{}&#8221;][et_pb_text _builder_version=&#8221;4.9.10&#8243; _module_preset=&#8221;default&#8221; global_colors_info=&#8221;{}&#8221;]<\/p>\n<h3>ARTICLES RECENTS<\/h3>\n<p>[\/et_pb_text][et_pb_blog fullwidth=&#8221;off&#8221; posts_number=&#8221;3&#8243; show_categories=&#8221;off&#8221; _builder_version=&#8221;4.9.10&#8243; _module_preset=&#8221;default&#8221; global_colors_info=&#8221;{}&#8221;][\/et_pb_blog][\/et_pb_column][\/et_pb_row][\/et_pb_section][et_pb_section fb_built=&#8221;1&#8243; admin_label=&#8221;Articles r\u00e9cents&#8221; module_id=&#8221;Articles r\u00e9cents&#8221; _builder_version=&#8221;4.9.10&#8243; _dynamic_attributes=&#8221;link_option_url&#8221; _module_preset=&#8221;default&#8221; top_divider_style=&#8221;slant&#8221; top_divider_color=&#8221;#ffd352&#8243; bottom_divider_style=&#8221;slant&#8221; bottom_divider_color=&#8221;#ffd352&#8243; link_option_url=&#8221;@ET-DC@eyJkeW5hbWljIjp0cnVlLCJjb250ZW50IjoicG9zdF9saW5rX3VybF9wb3N0Iiwic2V0dGluZ3MiOnsicG9zdF9pZCI6IjU1NCJ9fQ==@&#8221; link_option_url_new_window=&#8221;on&#8221; ab_subject=&#8221;on&#8221; ab_subject_id=&#8221;4&#8243; global_colors_info=&#8221;{}&#8221;][et_pb_row _builder_version=&#8221;4.9.10&#8243; _module_preset=&#8221;default&#8221; link_option_url_new_window=&#8221;on&#8221; ab_goal=&#8221;on&#8221; global_colors_info=&#8221;{}&#8221;][et_pb_column type=&#8221;4_4&#8243; _builder_version=&#8221;4.9.10&#8243; _module_preset=&#8221;default&#8221; global_colors_info=&#8221;{}&#8221;][et_pb_blog fullwidth=&#8221;off&#8221; posts_number=&#8221;3&#8243; show_categories=&#8221;off&#8221; _builder_version=&#8221;4.9.10&#8243; _module_preset=&#8221;default&#8221; global_colors_info=&#8221;{}&#8221;][\/et_pb_blog][\/et_pb_column][\/et_pb_row][\/et_pb_section][et_pb_section fb_built=&#8221;1&#8243; _builder_version=&#8221;4.9.10&#8243; _dynamic_attributes=&#8221;link_option_url&#8221; _module_preset=&#8221;default&#8221; top_divider_style=&#8221;slant&#8221; top_divider_color=&#8221;#ffd352&#8243; bottom_divider_style=&#8221;slant&#8221; bottom_divider_color=&#8221;#ffd352&#8243; link_option_url=&#8221;@ET-DC@eyJkeW5hbWljIjp0cnVlLCJjb250ZW50IjoicG9zdF9saW5rX3VybF9wb3N0Iiwic2V0dGluZ3MiOnsicG9zdF9pZCI6IiJ9fQ==@&#8221; ab_subject=&#8221;on&#8221; ab_subject_id=&#8221;2&#8243; global_colors_info=&#8221;{}&#8221;][et_pb_row column_structure=&#8221;1_4,1_4,1_4,1_4&#8243; _builder_version=&#8221;4.9.10&#8243; _module_preset=&#8221;default&#8221; ab_goal=&#8221;on&#8221; global_colors_info=&#8221;{}&#8221;][et_pb_column type=&#8221;1_4&#8243; _builder_version=&#8221;4.9.10&#8243; _module_preset=&#8221;default&#8221; global_colors_info=&#8221;{}&#8221;][et_pb_blog posts_number=&#8221;1&#8243; include_categories=&#8221;all&#8221; _builder_version=&#8221;4.9.10&#8243; _module_preset=&#8221;default&#8221; global_colors_info=&#8221;{}&#8221;][\/et_pb_blog][\/et_pb_column][et_pb_column type=&#8221;1_4&#8243; _builder_version=&#8221;4.9.10&#8243; _module_preset=&#8221;default&#8221; global_colors_info=&#8221;{}&#8221;][\/et_pb_column][et_pb_column type=&#8221;1_4&#8243; _builder_version=&#8221;4.9.10&#8243; _module_preset=&#8221;default&#8221; global_colors_info=&#8221;{}&#8221;][\/et_pb_column][et_pb_column type=&#8221;1_4&#8243; _builder_version=&#8221;4.9.10&#8243; _module_preset=&#8221;default&#8221; global_colors_info=&#8221;{}&#8221;][\/et_pb_column][\/et_pb_row][\/et_pb_section][et_pb_section fb_built=&#8221;1&#8243; _builder_version=&#8221;4.9.10&#8243; _dynamic_attributes=&#8221;link_option_url&#8221; _module_preset=&#8221;default&#8221; top_divider_style=&#8221;slant&#8221; top_divider_color=&#8221;#ffd352&#8243; bottom_divider_style=&#8221;slant&#8221; bottom_divider_color=&#8221;#ffd352&#8243; link_option_url=&#8221;@ET-DC@eyJkeW5hbWljIjp0cnVlLCJjb250ZW50IjoicG9zdF9saW5rX3VybF9wb3N0Iiwic2V0dGluZ3MiOnsicG9zdF9pZCI6IiJ9fQ==@&#8221; ab_subject=&#8221;on&#8221; ab_subject_id=&#8221;3&#8243; global_colors_info=&#8221;{}&#8221;][et_pb_row column_structure=&#8221;1_4,1_4,1_4,1_4&#8243; _builder_version=&#8221;4.9.10&#8243; _module_preset=&#8221;default&#8221; ab_goal=&#8221;on&#8221; global_colors_info=&#8221;{}&#8221;][et_pb_column type=&#8221;1_4&#8243; _builder_version=&#8221;4.9.10&#8243; _module_preset=&#8221;default&#8221; global_colors_info=&#8221;{}&#8221;][et_pb_blog posts_number=&#8221;1&#8243; include_categories=&#8221;all&#8221; _builder_version=&#8221;4.9.10&#8243; _module_preset=&#8221;default&#8221; global_colors_info=&#8221;{}&#8221;][\/et_pb_blog][\/et_pb_column][et_pb_column type=&#8221;1_4&#8243; _builder_version=&#8221;4.9.10&#8243; _module_preset=&#8221;default&#8221; global_colors_info=&#8221;{}&#8221;][\/et_pb_column][et_pb_column type=&#8221;1_4&#8243; _builder_version=&#8221;4.9.10&#8243; _module_preset=&#8221;default&#8221; global_colors_info=&#8221;{}&#8221;][\/et_pb_column][et_pb_column type=&#8221;1_4&#8243; _builder_version=&#8221;4.9.10&#8243; _module_preset=&#8221;default&#8221; global_colors_info=&#8221;{}&#8221;][\/et_pb_column][\/et_pb_row][\/et_pb_section]<\/p>\n","protected":false},"excerpt":{"rendered":"<p>Impression Fabrication additive St\u00e9r\u00e9olithographie Plastique technique Pi\u00e8ces fonctionnelles &nbsp; Qualit\u00e9 d\u2019impression proche de l\u2019injection plastiqueARTICLES RECENTSARTICLES RECENTS<\/p>\n","protected":false},"author":1,"featured_media":0,"parent":0,"menu_order":0,"comment_status":"closed","ping_status":"closed","template":"","meta":{"_et_pb_use_builder":"on","_et_pb_old_content":"<p><meta name=\"description\" content=\"IFAB est une imprimerie 3D sp\u00e9cialis\u00e9e dans la conception, la modelisation, l impression 3d et la fabrication additive.  Imprimantes 3D - St\u00e9r\u00e9olithographie - SLA- DLP - r\u00e9sine - Conception - Modelisation\"><\/p>\n\n<!-- wp:cover {\"customOverlayColor\":\"#ffd352\",\"minHeight\":550,\"minHeightUnit\":\"px\",\"align\":\"full\",\"className\":\"is-style-default\",\"style\":{\"spacing\":{\"padding\":{\"top\":\"5px\",\"right\":\"5px\",\"bottom\":\"5px\",\"left\":\"5px\"}}}} -->\n<div class=\"wp-block-cover alignfull has-background-dim is-style-default\" style=\"padding-top:5px;padding-right:5px;padding-bottom:5px;padding-left:5px;background-color:#ffd352;min-height:550px\"><div class=\"wp-block-cover__inner-container\"><!-- wp:columns {\"align\":\"full\"} -->\n<div class=\"wp-block-columns alignfull\"><!-- wp:column {\"width\":\"50%\"} -->\n<div class=\"wp-block-column\" style=\"flex-basis:50%\"><!-- wp:heading {\"textAlign\":\"center\",\"style\":{\"typography\":{\"fontSize\":40},\"color\":{\"text\":\"#333333\"}}} -->\n<h2 class=\"has-text-align-center has-text-color\" style=\"color:#333333;font-size:40px\"><strong>Impression<\/strong><\/h2>\n<!-- \/wp:heading -->\n\n<!-- wp:paragraph {\"align\":\"center\",\"style\":{\"typography\":{\"fontSize\":30},\"color\":{\"text\":\"#333333\"}}} -->\n<p class=\"has-text-align-center has-text-color\" style=\"color:#333333;font-size:30px\"><strong>Fabrication additive<\/strong><\/p>\n<!-- \/wp:paragraph -->\n\n<!-- wp:paragraph {\"align\":\"center\",\"style\":{\"color\":{\"text\":\"#333333\"},\"typography\":{\"fontSize\":30}}} -->\n<p class=\"has-text-align-center has-text-color\" style=\"color:#333333;font-size:30px\"><strong>St\u00e9r\u00e9olithographie<\/strong><\/p>\n<!-- \/wp:paragraph -->\n\n<!-- wp:paragraph {\"align\":\"center\",\"style\":{\"color\":{\"text\":\"#333333\"}}} -->\n<p class=\"has-text-align-center has-text-color\" style=\"color:#333333\"><strong>Plastique technique<\/strong><\/p>\n<!-- \/wp:paragraph -->\n\n<!-- wp:paragraph {\"align\":\"center\",\"style\":{\"color\":{\"text\":\"#333333\"}}} -->\n<p class=\"has-text-align-center has-text-color\" style=\"color:#333333\"><strong>Pi\u00e8ces fonctionnelles<\/strong><\/p>\n<!-- \/wp:paragraph -->\n\n<!-- wp:paragraph {\"align\":\"center\",\"style\":{\"color\":{\"text\":\"#333333\"}}} -->\n<p class=\"has-text-align-center has-text-color\" style=\"color:#333333\"><strong>Qualit\u00e9 d'impression proche de l'injection plastique<\/strong><\/p>\n<!-- \/wp:paragraph -->\n\n<!-- wp:buttons {\"contentJustification\":\"center\"} -->\n<div class=\"wp-block-buttons is-content-justification-center\"><!-- wp:button {\"style\":{\"color\":{\"text\":\"#ffffff\",\"background\":\"#333333\"}}} -->\n<div class=\"wp-block-button\"><a class=\"wp-block-button__link has-text-color has-background\" href=\"https:\/\/ifab3d.com\/index.php\/fabrication-sur-mesure\/\" style=\"background-color:#333333;color:#ffffff\">En savoir plus<\/a><\/div>\n<!-- \/wp:button --><\/div>\n<!-- \/wp:buttons --><\/div>\n<!-- \/wp:column -->\n\n<!-- wp:column -->\n<div class=\"wp-block-column\"><!-- wp:jetpack\/slideshow {\"autoplay\":true,\"ids\":[148,152,147,104,315,348,349],\"sizeSlug\":\"full\"} -->\n<div class=\"wp-block-jetpack-slideshow aligncenter\" data-autoplay=\"true\" data-delay=\"3\" data-effect=\"slide\"><div class=\"wp-block-jetpack-slideshow_container swiper-container\"><ul class=\"wp-block-jetpack-slideshow_swiper-wrapper swiper-wrapper\"><li class=\"wp-block-jetpack-slideshow_slide swiper-slide\"><figure><img alt=\"\" class=\"wp-block-jetpack-slideshow_image wp-image-148\" data-id=\"148\" src=\"https:\/\/ifab3d.com\/wp-content\/uploads\/2021\/03\/20210307_181304-scaled.jpg\"\/><\/figure><\/li><li class=\"wp-block-jetpack-slideshow_slide swiper-slide\"><figure><img alt=\"\" class=\"wp-block-jetpack-slideshow_image wp-image-152\" data-id=\"152\" src=\"https:\/\/ifab3d.com\/wp-content\/uploads\/2021\/03\/20210307_182136-scaled.jpg\"\/><\/figure><\/li><li class=\"wp-block-jetpack-slideshow_slide swiper-slide\"><figure><img alt=\"\" class=\"wp-block-jetpack-slideshow_image wp-image-147\" data-id=\"147\" src=\"https:\/\/ifab3d.com\/wp-content\/uploads\/2021\/03\/20210307_180916-1-scaled.jpg\"\/><\/figure><\/li><li class=\"wp-block-jetpack-slideshow_slide swiper-slide\"><figure><img alt=\"\" class=\"wp-block-jetpack-slideshow_image wp-image-104\" data-id=\"104\" src=\"https:\/\/ifab3d.com\/wp-content\/uploads\/2021\/03\/20210307_182308-edited-7-scaled.jpg\"\/><figcaption class=\"wp-block-jetpack-slideshow_caption gallery-caption\">Logo IFAB<\/figcaption><\/figure><\/li><li class=\"wp-block-jetpack-slideshow_slide swiper-slide\"><figure><img alt=\"\" class=\"wp-block-jetpack-slideshow_image wp-image-315\" data-id=\"315\" src=\"https:\/\/ifab3d.com\/wp-content\/uploads\/2021\/04\/20210410_211134-scaled.jpg\"\/><figcaption class=\"wp-block-jetpack-slideshow_caption gallery-caption\">Tour Eiffel (cr\u00e9ateur: Designs 2)<\/figcaption><\/figure><\/li><li class=\"wp-block-jetpack-slideshow_slide swiper-slide\"><figure><img alt=\"\" class=\"wp-block-jetpack-slideshow_image wp-image-348\" data-id=\"348\" src=\"https:\/\/ifab3d.com\/wp-content\/uploads\/2021\/04\/20210418_095117-scaled.jpg\"\/><\/figure><\/li><li class=\"wp-block-jetpack-slideshow_slide swiper-slide\"><figure><img alt=\"\" class=\"wp-block-jetpack-slideshow_image wp-image-349\" data-id=\"349\" src=\"https:\/\/ifab3d.com\/wp-content\/uploads\/2021\/04\/20210418_101550-scaled.jpg\"\/><\/figure><\/li><\/ul><a class=\"wp-block-jetpack-slideshow_button-prev swiper-button-prev swiper-button-white\" role=\"button\"><\/a><a class=\"wp-block-jetpack-slideshow_button-next swiper-button-next swiper-button-white\" role=\"button\"><\/a><a aria-label=\"Pause Slideshow\" class=\"wp-block-jetpack-slideshow_button-pause\" role=\"button\"><\/a><div class=\"wp-block-jetpack-slideshow_pagination swiper-pagination swiper-pagination-white\"><\/div><\/div><\/div>\n<!-- \/wp:jetpack\/slideshow --><\/div>\n<!-- \/wp:column --><\/div>\n<!-- \/wp:columns --><\/div><\/div>\n<!-- \/wp:cover -->","_et_gb_content_width":"","spay_email":""},"jetpack_sharing_enabled":true,"_links":{"self":[{"href":"https:\/\/ifab3d.com\/index.php?rest_route=\/wp\/v2\/pages\/8"}],"collection":[{"href":"https:\/\/ifab3d.com\/index.php?rest_route=\/wp\/v2\/pages"}],"about":[{"href":"https:\/\/ifab3d.com\/index.php?rest_route=\/wp\/v2\/types\/page"}],"author":[{"embeddable":true,"href":"https:\/\/ifab3d.com\/index.php?rest_route=\/wp\/v2\/users\/1"}],"replies":[{"embeddable":true,"href":"https:\/\/ifab3d.com\/index.php?rest_route=%2Fwp%2Fv2%2Fcomments&post=8"}],"version-history":[{"count":32,"href":"https:\/\/ifab3d.com\/index.php?rest_route=\/wp\/v2\/pages\/8\/revisions"}],"predecessor-version":[{"id":652,"href":"https:\/\/ifab3d.com\/index.php?rest_route=\/wp\/v2\/pages\/8\/revisions\/652"}],"wp:attachment":[{"href":"https:\/\/ifab3d.com\/index.php?rest_route=%2Fwp%2Fv2%2Fmedia&parent=8"}],"curies":[{"name":"wp","href":"https:\/\/api.w.org\/{rel}","templated":true}]}}