{"id":307,"date":"2021-04-10T22:46:48","date_gmt":"2021-04-10T20:46:48","guid":{"rendered":"https:\/\/ifab3d.com\/?page_id=307"},"modified":"2021-10-30T14:51:20","modified_gmt":"2021-10-30T12:51:20","slug":"autres-refabrications-hors-impression-3d","status":"publish","type":"page","link":"https:\/\/ifab3d.com\/?page_id=307","title":{"rendered":"Autres refabrications hors impression 3D"},"content":{"rendered":"[et_pb_section fb_built=&#8221;1&#8243; admin_label=&#8221;section&#8221; _builder_version=&#8221;4.11.4&#8243; hover_enabled=&#8221;0&#8243; global_colors_info=&#8221;{}&#8221; background_color=&#8221;#FFFFFF&#8221; sticky_enabled=&#8221;0&#8243;][et_pb_row admin_label=&#8221;row&#8221; _builder_version=&#8221;4.11.4&#8243; background_size=&#8221;initial&#8221; background_position=&#8221;top_left&#8221; background_repeat=&#8221;repeat&#8221; hover_enabled=&#8221;0&#8243; global_colors_info=&#8221;{}&#8221; custom_padding=&#8221;0px|||||&#8221; background_color=&#8221;#ffd352&#8243; sticky_enabled=&#8221;0&#8243;][et_pb_column type=&#8221;4_4&#8243; _builder_version=&#8221;3.25&#8243; custom_padding=&#8221;|||&#8221; global_colors_info=&#8221;{}&#8221; custom_padding__hover=&#8221;|||&#8221;][et_pb_text admin_label=&#8221;Text&#8221; _builder_version=&#8221;3.27.4&#8243; background_size=&#8221;initial&#8221; background_position=&#8221;top_left&#8221; background_repeat=&#8221;repeat&#8221; global_colors_info=&#8221;{}&#8221;]<p><\/p>\n<p>Nous vous proposons \u00e9galement de refabriquer des pi\u00e8ces endommag\u00e9es dans des m\u00e9taux tels que l&#8217;aluminium. Cette d\u00e9marche s&#8217;inscrit dans notre volont\u00e9 de r\u00e9duction des d\u00e9chets.<\/p>\n<p>Par exemple, notre client souhaitait remplacer la pi\u00e8ce servant \u00e0 bloquer ses persiennes, sans changer le bras complet qui n&#8217;\u00e9tait pas cass\u00e9. Nous lui avons propos\u00e9 de refaire la pi\u00e8ce cass\u00e9e dans une mati\u00e8re qui r\u00e9sistera aux conditions ext\u00e9rieures et dans le temps: l&#8217;aluminium. <br \/>Nos machines de tournage nous ont donc permis de r\u00e9pondre \u00e0 ce besoin particulier et a permis \u00e0 notre client de ne pas remplacer tout un bras de persienne et de r\u00e9duire le co\u00fbt de la r\u00e9paration.<\/p>\n<p><\/p>[\/et_pb_text][\/et_pb_column][\/et_pb_row][et_pb_row _builder_version=&#8221;4.11.4&#8243; _module_preset=&#8221;default&#8221; column_structure=&#8221;1_4,1_4,1_4,1_4&#8243;][et_pb_column _builder_version=&#8221;4.11.4&#8243; _module_preset=&#8221;default&#8221; type=&#8221;1_4&#8243;][et_pb_image src=&#8221;https:\/\/ifab3d.com\/wp-content\/uploads\/2021\/04\/IMG-20210410-WA0009.jpg&#8221; _builder_version=&#8221;4.11.4&#8243; _module_preset=&#8221;default&#8221; hover_enabled=&#8221;0&#8243; sticky_enabled=&#8221;0&#8243; title_text=&#8221;IMG-20210410-WA0009&#8243;][\/et_pb_image][\/et_pb_column][et_pb_column _builder_version=&#8221;4.11.4&#8243; _module_preset=&#8221;default&#8221; type=&#8221;1_4&#8243;][et_pb_image src=&#8221;https:\/\/ifab3d.com\/wp-content\/uploads\/2021\/04\/IMG-20210410-WA0008.jpg&#8221; _builder_version=&#8221;4.11.4&#8243; _module_preset=&#8221;default&#8221; title_text=&#8221;IMG-20210410-WA0008&#8243; hover_enabled=&#8221;0&#8243; sticky_enabled=&#8221;0&#8243;][\/et_pb_image][\/et_pb_column][et_pb_column _builder_version=&#8221;4.11.4&#8243; _module_preset=&#8221;default&#8221; type=&#8221;1_4&#8243;][et_pb_image src=&#8221;https:\/\/ifab3d.com\/wp-content\/uploads\/2021\/04\/IMG-20210410-WA0007.jpg&#8221; _builder_version=&#8221;4.11.4&#8243; _module_preset=&#8221;default&#8221; title_text=&#8221;IMG-20210410-WA0007&#8243; hover_enabled=&#8221;0&#8243; sticky_enabled=&#8221;0&#8243;][\/et_pb_image][\/et_pb_column][et_pb_column _builder_version=&#8221;4.11.4&#8243; _module_preset=&#8221;default&#8221; type=&#8221;1_4&#8243;][et_pb_image src=&#8221;https:\/\/ifab3d.com\/wp-content\/uploads\/2021\/04\/IMG-20210410-WA0006.jpg&#8221; _builder_version=&#8221;4.11.4&#8243; _module_preset=&#8221;default&#8221; title_text=&#8221;IMG-20210410-WA0006&#8243; hover_enabled=&#8221;0&#8243; sticky_enabled=&#8221;0&#8243;][\/et_pb_image][\/et_pb_column][\/et_pb_row][et_pb_row _builder_version=&#8221;4.11.4&#8243; _module_preset=&#8221;default&#8221;][et_pb_column _builder_version=&#8221;4.11.4&#8243; _module_preset=&#8221;default&#8221; type=&#8221;4_4&#8243;][et_pb_text _builder_version=&#8221;4.11.4&#8243; _module_preset=&#8221;default&#8221; hover_enabled=&#8221;0&#8243; sticky_enabled=&#8221;0&#8243; custom_margin=&#8221;||-3px|||&#8221;]<p>A gauche: 2 photos de la pi\u00e8ce abim\u00e9e\u00a0 \u00a0 \u00a0 \u00a0 \u00a0 \u00a0 \u00a0 \u00a0 \u00a0 \u00a0 \u00a0 \u00a0 \u00a0 \u00a0 \u00a0 \u00a0 \u00a0&#8211;\u00a0 \u00a0 \u00a0 \u00a0 \u00a0 \u00a0 \u00a0 \u00a0 \u00a0 \u00a0 \u00a0 \u00a0A droite: 2 photos de la pi\u00e8ce fabriqu\u00e9e par IFAB<\/p>[\/et_pb_text][\/et_pb_column][\/et_pb_row][\/et_pb_section]","protected":false},"excerpt":{"rendered":"<p>Nous vous proposons \u00e9galement de refabriquer des pi\u00e8ces endommag\u00e9es dans des m\u00e9taux tels que l&#8217;aluminium. Cette d\u00e9marche s&#8217;inscrit dans notre volont\u00e9 de r\u00e9duction des d\u00e9chets. Par exemple, notre client souhaitait remplacer la pi\u00e8ce servant \u00e0 bloquer ses persiennes, sans changer le bras complet qui n&#8217;\u00e9tait pas cass\u00e9. Nous lui avons propos\u00e9 de refaire la pi\u00e8ce [&hellip;]<\/p>\n","protected":false},"author":1,"featured_media":0,"parent":0,"menu_order":0,"comment_status":"closed","ping_status":"closed","template":"","meta":{"_et_pb_use_builder":"on","_et_pb_old_content":"<!-- wp:paragraph -->\n<p>Nous vous proposons \u00e9galement de refabriquer des pi\u00e8ces endommag\u00e9es dans des m\u00e9taux tels que l'aluminium. Cette d\u00e9marche s'inscrit dans notre volont\u00e9 de r\u00e9duction des d\u00e9chets.<\/p>\n<!-- \/wp:paragraph -->\n\n<!-- wp:paragraph -->\n<p>Par exemple, notre client souhaitait remplacer la pi\u00e8ce servant \u00e0 bloquer ses persiennes, sans changer le bras complet qui n'\u00e9tait pas cass\u00e9.  Nous lui avons propos\u00e9 de refaire la pi\u00e8ce cass\u00e9e dans une mati\u00e8re qui r\u00e9sistera aux conditions ext\u00e9rieures et dans le temps: l'aluminium. <br>Nos machines de tournage nous ont donc permis de r\u00e9pondre \u00e0 ce besoin particulier et a permis \u00e0 notre client de ne pas remplacer tout un bras de persienne et de r\u00e9duire le co\u00fbt de la r\u00e9paration.<\/p>\n<!-- \/wp:paragraph -->\n\n<!-- wp:jetpack\/tiled-gallery {\"columnWidths\":[[\"25.00000\",\"25.00000\",\"25.00000\",\"25.00000\"]],\"ids\":[310,311,308,309]} -->\n<div class=\"wp-block-jetpack-tiled-gallery aligncenter is-style-rectangular\"><div class=\"tiled-gallery__gallery\"><div class=\"tiled-gallery__row\"><div class=\"tiled-gallery__col\" style=\"flex-basis:25.00000%\"><figure class=\"tiled-gallery__item\"><img alt=\"\" data-height=\"1599\" data-id=\"310\" data-link=\"https:\/\/ifab3d.com\/?attachment_id=310\" data-url=\"https:\/\/ifab3d.com\/wp-content\/uploads\/2021\/04\/IMG-20210410-WA0008.jpg\" data-width=\"1200\" src=\"https:\/\/i2.wp.com\/ifab3d.com\/wp-content\/uploads\/2021\/04\/IMG-20210410-WA0008.jpg?ssl=1\" data-amp-layout=\"responsive\"\/><\/figure><\/div><div class=\"tiled-gallery__col\" style=\"flex-basis:25.00000%\"><figure class=\"tiled-gallery__item\"><img alt=\"\" data-height=\"1599\" data-id=\"311\" data-link=\"https:\/\/ifab3d.com\/?attachment_id=311\" data-url=\"https:\/\/ifab3d.com\/wp-content\/uploads\/2021\/04\/IMG-20210410-WA0009.jpg\" data-width=\"1200\" src=\"https:\/\/i2.wp.com\/ifab3d.com\/wp-content\/uploads\/2021\/04\/IMG-20210410-WA0009.jpg?ssl=1\" data-amp-layout=\"responsive\"\/><\/figure><\/div><div class=\"tiled-gallery__col\" style=\"flex-basis:25.00000%\"><figure class=\"tiled-gallery__item\"><img alt=\"\" data-height=\"1599\" data-id=\"308\" data-link=\"https:\/\/ifab3d.com\/?attachment_id=308\" data-url=\"https:\/\/ifab3d.com\/wp-content\/uploads\/2021\/04\/IMG-20210410-WA0006.jpg\" data-width=\"1200\" src=\"https:\/\/i2.wp.com\/ifab3d.com\/wp-content\/uploads\/2021\/04\/IMG-20210410-WA0006.jpg?ssl=1\" data-amp-layout=\"responsive\"\/><\/figure><\/div><div class=\"tiled-gallery__col\" style=\"flex-basis:25.00000%\"><figure class=\"tiled-gallery__item\"><img alt=\"\" data-height=\"1599\" data-id=\"309\" data-link=\"https:\/\/ifab3d.com\/?attachment_id=309\" data-url=\"https:\/\/ifab3d.com\/wp-content\/uploads\/2021\/04\/IMG-20210410-WA0007.jpg\" data-width=\"1200\" src=\"https:\/\/i0.wp.com\/ifab3d.com\/wp-content\/uploads\/2021\/04\/IMG-20210410-WA0007.jpg?ssl=1\" data-amp-layout=\"responsive\"\/><\/figure><\/div><\/div><\/div><\/div>\n<!-- \/wp:jetpack\/tiled-gallery -->\n\n<!-- wp:paragraph -->\n<p>A gauche: 2 photos prises sur un bras de persienne fonctionnel.<br>A droite: 2 photos de la pi\u00e8ce usin\u00e9e par IFAB pour remplacer celle cass\u00e9e.<\/p>\n<!-- \/wp:paragraph -->","_et_gb_content_width":"","spay_email":""},"jetpack_sharing_enabled":true,"_links":{"self":[{"href":"https:\/\/ifab3d.com\/index.php?rest_route=\/wp\/v2\/pages\/307"}],"collection":[{"href":"https:\/\/ifab3d.com\/index.php?rest_route=\/wp\/v2\/pages"}],"about":[{"href":"https:\/\/ifab3d.com\/index.php?rest_route=\/wp\/v2\/types\/page"}],"author":[{"embeddable":true,"href":"https:\/\/ifab3d.com\/index.php?rest_route=\/wp\/v2\/users\/1"}],"replies":[{"embeddable":true,"href":"https:\/\/ifab3d.com\/index.php?rest_route=%2Fwp%2Fv2%2Fcomments&post=307"}],"version-history":[{"count":5,"href":"https:\/\/ifab3d.com\/index.php?rest_route=\/wp\/v2\/pages\/307\/revisions"}],"predecessor-version":[{"id":609,"href":"https:\/\/ifab3d.com\/index.php?rest_route=\/wp\/v2\/pages\/307\/revisions\/609"}],"wp:attachment":[{"href":"https:\/\/ifab3d.com\/index.php?rest_route=%2Fwp%2Fv2%2Fmedia&parent=307"}],"curies":[{"name":"wp","href":"https:\/\/api.w.org\/{rel}","templated":true}]}}